{"id":124,"date":"2025-05-04T10:38:08","date_gmt":"2025-05-04T10:38:08","guid":{"rendered":"https:\/\/aldeiadasadegas.com\/my-account\/"},"modified":"2025-05-04T10:38:08","modified_gmt":"2025-05-04T10:38:08","slug":"my-account","status":"publish","type":"page","link":"https:\/\/aldeiadasadegas.com\/pt\/my-account\/","title":{"rendered":"Minha conta"},"content":{"rendered":"<div class=\"wpb-content-wrapper\"><div class=\"vc_row wpb_row vc_row-fluid\"><div class=\"wpb_column vc_column_container vc_col-sm-12\"><div class=\"vc_column-inner\"><div class=\"wpb_wrapper\"><div class=\"woocommerce\"><\/div><\/div><\/div><\/div><\/div>\n<\/div>","protected":false},"excerpt":{"rendered":"<a href=\"https:\/\/aldeiadasadegas.com\/pt\/my-account\/\" class=\"sohohotel-more-link\">Read More<\/a>","protected":false},"author":1,"featured_media":0,"parent":0,"menu_order":0,"comment_status":"closed","ping_status":"closed","template":"","meta":{"footnotes":""},"class_list":["post-124","page","type-page","status-publish","hentry"],"yoast_head":"<!-- This site is optimized with the Yoast SEO plugin v27.4 - https:\/\/yoast.com\/product\/yoast-seo-wordpress\/ -->\n<title>My Account - Aldeia das Adegas<\/title>\n<meta name=\"robots\" content=\"index, follow, max-snippet:-1, max-image-preview:large, max-video-preview:-1\" \/>\n<link rel=\"canonical\" href=\"https:\/\/aldeiadasadegas.com\/pt\/my-account\/\" \/>\n<meta property=\"og:locale\" content=\"pt_PT\" \/>\n<meta property=\"og:type\" content=\"article\" \/>\n<meta property=\"og:title\" content=\"My Account - Aldeia das Adegas\" \/>\n<meta property=\"og:url\" content=\"https:\/\/aldeiadasadegas.com\/pt\/my-account\/\" \/>\n<meta property=\"og:site_name\" content=\"Aldeia das Adegas\" \/>\n<meta property=\"article:publisher\" content=\"https:\/\/www.facebook.com\/profile.php?id=100063509772931\" \/>\n<meta name=\"twitter:card\" content=\"summary_large_image\" \/>\n<script type=\"application\/ld+json\" class=\"yoast-schema-graph\">{\"@context\":\"https:\\\/\\\/schema.org\",\"@graph\":[{\"@type\":\"WebPage\",\"@id\":\"https:\\\/\\\/aldeiadasadegas.com\\\/my-account\\\/\",\"url\":\"https:\\\/\\\/aldeiadasadegas.com\\\/my-account\\\/\",\"name\":\"My Account - Aldeia das Adegas\",\"isPartOf\":{\"@id\":\"https:\\\/\\\/aldeiadasadegas.com\\\/#website\"},\"datePublished\":\"2025-05-04T10:38:08+00:00\",\"breadcrumb\":{\"@id\":\"https:\\\/\\\/aldeiadasadegas.com\\\/my-account\\\/#breadcrumb\"},\"inLanguage\":\"pt-PT\",\"potentialAction\":[{\"@type\":\"ReadAction\",\"target\":[\"https:\\\/\\\/aldeiadasadegas.com\\\/my-account\\\/\"]}]},{\"@type\":\"BreadcrumbList\",\"@id\":\"https:\\\/\\\/aldeiadasadegas.com\\\/my-account\\\/#breadcrumb\",\"itemListElement\":[{\"@type\":\"ListItem\",\"position\":1,\"name\":\"Home\",\"item\":\"https:\\\/\\\/aldeiadasadegas.com\\\/\"},{\"@type\":\"ListItem\",\"position\":2,\"name\":\"My Account\"}]},{\"@type\":\"WebSite\",\"@id\":\"https:\\\/\\\/aldeiadasadegas.com\\\/#website\",\"url\":\"https:\\\/\\\/aldeiadasadegas.com\\\/\",\"name\":\"Aldeia das Adegas\",\"description\":\"We\u2019re delighted to have you here and invite you to discover the charm of Aldeia das Adegas, where tradition meets comfort in the heart of Pico Island.\",\"publisher\":{\"@id\":\"https:\\\/\\\/aldeiadasadegas.com\\\/#organization\"},\"potentialAction\":[{\"@type\":\"SearchAction\",\"target\":{\"@type\":\"EntryPoint\",\"urlTemplate\":\"https:\\\/\\\/aldeiadasadegas.com\\\/?s={search_term_string}\"},\"query-input\":{\"@type\":\"PropertyValueSpecification\",\"valueRequired\":true,\"valueName\":\"search_term_string\"}}],\"inLanguage\":\"pt-PT\"},{\"@type\":\"Organization\",\"@id\":\"https:\\\/\\\/aldeiadasadegas.com\\\/#organization\",\"name\":\"Aldeia das Adegas\",\"url\":\"https:\\\/\\\/aldeiadasadegas.com\\\/\",\"logo\":{\"@type\":\"ImageObject\",\"inLanguage\":\"pt-PT\",\"@id\":\"https:\\\/\\\/aldeiadasadegas.com\\\/#\\\/schema\\\/logo\\\/image\\\/\",\"url\":\"https:\\\/\\\/aldeiadasadegas.com\\\/wp-content\\\/uploads\\\/2025\\\/05\\\/logo-0.png\",\"contentUrl\":\"https:\\\/\\\/aldeiadasadegas.com\\\/wp-content\\\/uploads\\\/2025\\\/05\\\/logo-0.png\",\"width\":600,\"height\":218,\"caption\":\"Aldeia das Adegas\"},\"image\":{\"@id\":\"https:\\\/\\\/aldeiadasadegas.com\\\/#\\\/schema\\\/logo\\\/image\\\/\"},\"sameAs\":[\"https:\\\/\\\/www.facebook.com\\\/profile.php?id=100063509772931\",\"https:\\\/\\\/www.instagram.com\\\/aldeia_das_adegas\\\/\"]}]}<\/script>\n<!-- \/ Yoast SEO plugin. -->","yoast_head_json":{"title":"My Account - Aldeia das Adegas","robots":{"index":"index","follow":"follow","max-snippet":"max-snippet:-1","max-image-preview":"max-image-preview:large","max-video-preview":"max-video-preview:-1"},"canonical":"https:\/\/aldeiadasadegas.com\/pt\/my-account\/","og_locale":"pt_PT","og_type":"article","og_title":"My Account - Aldeia das Adegas","og_url":"https:\/\/aldeiadasadegas.com\/pt\/my-account\/","og_site_name":"Aldeia das Adegas","article_publisher":"https:\/\/www.facebook.com\/profile.php?id=100063509772931","twitter_card":"summary_large_image","schema":{"@context":"https:\/\/schema.org","@graph":[{"@type":"WebPage","@id":"https:\/\/aldeiadasadegas.com\/my-account\/","url":"https:\/\/aldeiadasadegas.com\/my-account\/","name":"My Account - Aldeia das Adegas","isPartOf":{"@id":"https:\/\/aldeiadasadegas.com\/#website"},"datePublished":"2025-05-04T10:38:08+00:00","breadcrumb":{"@id":"https:\/\/aldeiadasadegas.com\/my-account\/#breadcrumb"},"inLanguage":"pt-PT","potentialAction":[{"@type":"ReadAction","target":["https:\/\/aldeiadasadegas.com\/my-account\/"]}]},{"@type":"BreadcrumbList","@id":"https:\/\/aldeiadasadegas.com\/my-account\/#breadcrumb","itemListElement":[{"@type":"ListItem","position":1,"name":"Home","item":"https:\/\/aldeiadasadegas.com\/"},{"@type":"ListItem","position":2,"name":"My Account"}]},{"@type":"WebSite","@id":"https:\/\/aldeiadasadegas.com\/#website","url":"https:\/\/aldeiadasadegas.com\/","name":"Aldeia das Adegas","description":"Temos o prazer de receb\u00ea-lo(a) aqui e convidamo-lo(a) a descobrir o charme da Aldeia das Adegas, onde a tradi\u00e7\u00e3o encontra o conforto no cora\u00e7\u00e3o da Ilha do Pico.","publisher":{"@id":"https:\/\/aldeiadasadegas.com\/#organization"},"potentialAction":[{"@type":"SearchAction","target":{"@type":"EntryPoint","urlTemplate":"https:\/\/aldeiadasadegas.com\/?s={search_term_string}"},"query-input":{"@type":"PropertyValueSpecification","valueRequired":true,"valueName":"search_term_string"}}],"inLanguage":"pt-PT"},{"@type":"Organization","@id":"https:\/\/aldeiadasadegas.com\/#organization","name":"Aldeia das Adegas","url":"https:\/\/aldeiadasadegas.com\/","logo":{"@type":"ImageObject","inLanguage":"pt-PT","@id":"https:\/\/aldeiadasadegas.com\/#\/schema\/logo\/image\/","url":"https:\/\/aldeiadasadegas.com\/wp-content\/uploads\/2025\/05\/logo-0.png","contentUrl":"https:\/\/aldeiadasadegas.com\/wp-content\/uploads\/2025\/05\/logo-0.png","width":600,"height":218,"caption":"Aldeia das Adegas"},"image":{"@id":"https:\/\/aldeiadasadegas.com\/#\/schema\/logo\/image\/"},"sameAs":["https:\/\/www.facebook.com\/profile.php?id=100063509772931","https:\/\/www.instagram.com\/aldeia_das_adegas\/"]}]}},"_links":{"self":[{"href":"https:\/\/aldeiadasadegas.com\/pt\/wp-json\/wp\/v2\/pages\/124","targetHints":{"allow":["GET"]}}],"collection":[{"href":"https:\/\/aldeiadasadegas.com\/pt\/wp-json\/wp\/v2\/pages"}],"about":[{"href":"https:\/\/aldeiadasadegas.com\/pt\/wp-json\/wp\/v2\/types\/page"}],"author":[{"embeddable":true,"href":"https:\/\/aldeiadasadegas.com\/pt\/wp-json\/wp\/v2\/users\/1"}],"replies":[{"embeddable":true,"href":"https:\/\/aldeiadasadegas.com\/pt\/wp-json\/wp\/v2\/comments?post=124"}],"version-history":[{"count":0,"href":"https:\/\/aldeiadasadegas.com\/pt\/wp-json\/wp\/v2\/pages\/124\/revisions"}],"wp:attachment":[{"href":"https:\/\/aldeiadasadegas.com\/pt\/wp-json\/wp\/v2\/media?parent=124"}],"curies":[{"name":"wp","href":"https:\/\/api.w.org\/{rel}","templated":true}]}}