{"id":148,"date":"2025-05-04T10:38:09","date_gmt":"2025-05-04T10:38:09","guid":{"rendered":"https:\/\/aldeiadasadegas.com\/left-sidebar\/"},"modified":"2025-05-04T10:38:09","modified_gmt":"2025-05-04T10:38:09","slug":"left-sidebar","status":"publish","type":"page","link":"https:\/\/aldeiadasadegas.com\/pt\/left-sidebar\/","title":{"rendered":"Barra lateral esquerda"},"content":{"rendered":"<div class=\"wpb-content-wrapper\"><div class=\"vc_row wpb_row vc_row-fluid vc_custom_1626074544662\"><div class=\"wpb_column vc_column_container vc_col-sm-12\"><div class=\"vc_column-inner\"><div class=\"wpb_wrapper\">\n\t<div class=\"wpb_text_column wpb_content_element\" >\n\t\t<div class=\"wpb_wrapper\">\n\t\t\t<h1>Etiqueta H1<\/h1>\n<p>Nullam erat felis, pellentesque non egestas ne, <a href=\"#\">id vulputado odio<\/a>. Donec mattis nec orci ut porta. Donec Pharetra <a href=\"#\">convallis augue<\/a> em tincidunt. Nullam eget felis urna. Cum sociis natoque penatibus et magnis dis parturient montes, nascetur ridiculus mus. Praesent tincidunt massa porta odio euismod, sit amet cursus quam sagittis. Mauris eget volutpat urna, sit amet ultricies est. Aenean dapibus lacinia risus, nec consectetur purus fringilla eu. Aenean eget congue mauris, id venenatis agosto. Mecenas vulputate maximus vehicula.<\/p>\n<h2>Etiqueta H2<\/h2>\n<p>Nullam erat felis, pellentesque non egestas nec, vulputate id odio. Donec mattis nec orci ut porta. Donec pharetra convallis agosto em tincidunt. Nullam eget felis urna. Cum sociis natoque penatibus et magnis dis parturient montes, nascetur ridiculus mus. Praesent tincidunt massa porta odio euismod, sit amet cursus quam sagittis. Mauris eget volutpat urna, sit amet ultricies est. Aenean dapibus lacinia risus, nec consectetur purus fringilla eu. Aenean eget congue mauris, id venenatis agosto. Mecenas vulputate maximus vehicula.<\/p>\n<h3>Etiqueta H3<\/h3>\n<p>Nullam erat felis, pellentesque non egestas nec, vulputate id odio. Donec mattis nec orci ut porta. Donec pharetra convallis agosto em tincidunt. Nullam eget felis urna. Cum sociis natoque penatibus et magnis dis parturient montes, nascetur ridiculus mus. Praesent tincidunt massa porta odio euismod, sit amet cursus quam sagittis. Mauris eget volutpat urna, sit amet ultricies est. Aenean dapibus lacinia risus, nec consectetur purus fringilla eu. Aenean eget congue mauris, id venenatis agosto. Mecenas vulputate maximus vehicula.<\/p>\n<h4>Etiqueta H4<\/h4>\n<p>Nullam erat felis, pellentesque non egestas nec, vulputate id odio. Donec mattis nec orci ut porta. Donec pharetra convallis agosto em tincidunt. Nullam eget felis urna. Cum sociis natoque penatibus et magnis dis parturient montes, nascetur ridiculus mus. Praesent tincidunt massa porta odio euismod, sit amet cursus quam sagittis. Mauris eget volutpat urna, sit amet ultricies est. Aenean dapibus lacinia risus, nec consectetur purus fringilla eu. Aenean eget congue mauris, id venenatis agosto. Mecenas vulputate maximus vehicula.<\/p>\n<h5>Etiqueta H5<\/h5>\n<p>Nullam erat felis, pellentesque non egestas nec, vulputate id odio. Donec mattis nec orci ut porta. Donec pharetra convallis agosto em tincidunt. Nullam eget felis urna. Cum sociis natoque penatibus et magnis dis parturient montes, nascetur ridiculus mus. Praesent tincidunt massa porta odio euismod, sit amet cursus quam sagittis. Mauris eget volutpat urna, sit amet ultricies est. Aenean dapibus lacinia risus, nec consectetur purus fringilla eu. Aenean eget congue mauris, id venenatis agosto. Mecenas vulputate maximus vehicula.<\/p>\n<h6>Etiqueta H6<\/h6>\n<p>Nullam erat felis, pellentesque non egestas nec, vulputate id odio. Donec mattis nec orci ut porta. Donec pharetra convallis agosto em tincidunt. Nullam eget felis urna. Cum sociis natoque penatibus et magnis dis parturient montes, nascetur ridiculus mus. Praesent tincidunt massa porta odio euismod, sit amet cursus quam sagittis. Mauris eget volutpat urna, sit amet ultricies est. Aenean dapibus lacinia risus, nec consectetur purus fringilla eu. Aenean eget congue mauris, id venenatis agosto. Mecenas vulputate maximus vehicula.<\/p>\n\n\t\t<\/div>\n\t<\/div>\n<\/div><\/div><\/div><\/div>\n<\/div>","protected":false},"excerpt":{"rendered":"H1 Tag Nullam erat felis, pellentesque non egestas nec, vulputate id odio. Donec mattis nec orci ut porta. Donec pharetra convallis augue in tincidunt. Nullam eget felis urna. Cum sociis natoque penatibus et magnis dis parturient montes, nascetur ridiculus mus. Praesent tincidunt massa porta odio euismod, sit amet cursus quam sagittis. Mauris eget volutpat urna,<a href=\"https:\/\/aldeiadasadegas.com\/pt\/left-sidebar\/\" class=\"sohohotel-more-link\">Read More<\/a>","protected":false},"author":1,"featured_media":0,"parent":0,"menu_order":0,"comment_status":"closed","ping_status":"closed","template":"","meta":{"footnotes":""},"class_list":["post-148","page","type-page","status-publish","hentry"],"yoast_head":"<!-- This site is optimized with the Yoast SEO plugin v27.4 - https:\/\/yoast.com\/product\/yoast-seo-wordpress\/ -->\n<title>Left Sidebar - Aldeia das Adegas<\/title>\n<meta name=\"robots\" content=\"index, follow, max-snippet:-1, max-image-preview:large, max-video-preview:-1\" \/>\n<link rel=\"canonical\" href=\"https:\/\/aldeiadasadegas.com\/pt\/left-sidebar\/\" \/>\n<meta property=\"og:locale\" content=\"pt_PT\" \/>\n<meta property=\"og:type\" content=\"article\" \/>\n<meta property=\"og:title\" content=\"Left Sidebar - Aldeia das Adegas\" \/>\n<meta property=\"og:url\" content=\"https:\/\/aldeiadasadegas.com\/pt\/left-sidebar\/\" \/>\n<meta property=\"og:site_name\" content=\"Aldeia das Adegas\" \/>\n<meta property=\"article:publisher\" content=\"https:\/\/www.facebook.com\/profile.php?id=100063509772931\" \/>\n<meta name=\"twitter:card\" content=\"summary_large_image\" \/>\n<meta name=\"twitter:label1\" content=\"Tempo estimado de leitura\" \/>\n\t<meta name=\"twitter:data1\" content=\"2 minutos\" \/>\n<script type=\"application\/ld+json\" class=\"yoast-schema-graph\">{\"@context\":\"https:\\\/\\\/schema.org\",\"@graph\":[{\"@type\":\"WebPage\",\"@id\":\"https:\\\/\\\/aldeiadasadegas.com\\\/left-sidebar\\\/\",\"url\":\"https:\\\/\\\/aldeiadasadegas.com\\\/left-sidebar\\\/\",\"name\":\"Left Sidebar - Aldeia das Adegas\",\"isPartOf\":{\"@id\":\"https:\\\/\\\/aldeiadasadegas.com\\\/#website\"},\"datePublished\":\"2025-05-04T10:38:09+00:00\",\"breadcrumb\":{\"@id\":\"https:\\\/\\\/aldeiadasadegas.com\\\/left-sidebar\\\/#breadcrumb\"},\"inLanguage\":\"pt-PT\",\"potentialAction\":[{\"@type\":\"ReadAction\",\"target\":[\"https:\\\/\\\/aldeiadasadegas.com\\\/left-sidebar\\\/\"]}]},{\"@type\":\"BreadcrumbList\",\"@id\":\"https:\\\/\\\/aldeiadasadegas.com\\\/left-sidebar\\\/#breadcrumb\",\"itemListElement\":[{\"@type\":\"ListItem\",\"position\":1,\"name\":\"Home\",\"item\":\"https:\\\/\\\/aldeiadasadegas.com\\\/\"},{\"@type\":\"ListItem\",\"position\":2,\"name\":\"Left Sidebar\"}]},{\"@type\":\"WebSite\",\"@id\":\"https:\\\/\\\/aldeiadasadegas.com\\\/#website\",\"url\":\"https:\\\/\\\/aldeiadasadegas.com\\\/\",\"name\":\"Aldeia das Adegas\",\"description\":\"We\u2019re delighted to have you here and invite you to discover the charm of Aldeia das Adegas, where tradition meets comfort in the heart of Pico Island.\",\"publisher\":{\"@id\":\"https:\\\/\\\/aldeiadasadegas.com\\\/#organization\"},\"potentialAction\":[{\"@type\":\"SearchAction\",\"target\":{\"@type\":\"EntryPoint\",\"urlTemplate\":\"https:\\\/\\\/aldeiadasadegas.com\\\/?s={search_term_string}\"},\"query-input\":{\"@type\":\"PropertyValueSpecification\",\"valueRequired\":true,\"valueName\":\"search_term_string\"}}],\"inLanguage\":\"pt-PT\"},{\"@type\":\"Organization\",\"@id\":\"https:\\\/\\\/aldeiadasadegas.com\\\/#organization\",\"name\":\"Aldeia das Adegas\",\"url\":\"https:\\\/\\\/aldeiadasadegas.com\\\/\",\"logo\":{\"@type\":\"ImageObject\",\"inLanguage\":\"pt-PT\",\"@id\":\"https:\\\/\\\/aldeiadasadegas.com\\\/#\\\/schema\\\/logo\\\/image\\\/\",\"url\":\"https:\\\/\\\/aldeiadasadegas.com\\\/wp-content\\\/uploads\\\/2025\\\/05\\\/logo-0.png\",\"contentUrl\":\"https:\\\/\\\/aldeiadasadegas.com\\\/wp-content\\\/uploads\\\/2025\\\/05\\\/logo-0.png\",\"width\":600,\"height\":218,\"caption\":\"Aldeia das Adegas\"},\"image\":{\"@id\":\"https:\\\/\\\/aldeiadasadegas.com\\\/#\\\/schema\\\/logo\\\/image\\\/\"},\"sameAs\":[\"https:\\\/\\\/www.facebook.com\\\/profile.php?id=100063509772931\",\"https:\\\/\\\/www.instagram.com\\\/aldeia_das_adegas\\\/\"]}]}<\/script>\n<!-- \/ Yoast SEO plugin. -->","yoast_head_json":{"title":"Left Sidebar - Aldeia das Adegas","robots":{"index":"index","follow":"follow","max-snippet":"max-snippet:-1","max-image-preview":"max-image-preview:large","max-video-preview":"max-video-preview:-1"},"canonical":"https:\/\/aldeiadasadegas.com\/pt\/left-sidebar\/","og_locale":"pt_PT","og_type":"article","og_title":"Left Sidebar - Aldeia das Adegas","og_url":"https:\/\/aldeiadasadegas.com\/pt\/left-sidebar\/","og_site_name":"Aldeia das Adegas","article_publisher":"https:\/\/www.facebook.com\/profile.php?id=100063509772931","twitter_card":"summary_large_image","twitter_misc":{"Tempo estimado de leitura":"2 minutos"},"schema":{"@context":"https:\/\/schema.org","@graph":[{"@type":"WebPage","@id":"https:\/\/aldeiadasadegas.com\/left-sidebar\/","url":"https:\/\/aldeiadasadegas.com\/left-sidebar\/","name":"Left Sidebar - Aldeia das Adegas","isPartOf":{"@id":"https:\/\/aldeiadasadegas.com\/#website"},"datePublished":"2025-05-04T10:38:09+00:00","breadcrumb":{"@id":"https:\/\/aldeiadasadegas.com\/left-sidebar\/#breadcrumb"},"inLanguage":"pt-PT","potentialAction":[{"@type":"ReadAction","target":["https:\/\/aldeiadasadegas.com\/left-sidebar\/"]}]},{"@type":"BreadcrumbList","@id":"https:\/\/aldeiadasadegas.com\/left-sidebar\/#breadcrumb","itemListElement":[{"@type":"ListItem","position":1,"name":"Home","item":"https:\/\/aldeiadasadegas.com\/"},{"@type":"ListItem","position":2,"name":"Left Sidebar"}]},{"@type":"WebSite","@id":"https:\/\/aldeiadasadegas.com\/#website","url":"https:\/\/aldeiadasadegas.com\/","name":"Aldeia das Adegas","description":"Temos o prazer de receb\u00ea-lo(a) aqui e convidamo-lo(a) a descobrir o charme da Aldeia das Adegas, onde a tradi\u00e7\u00e3o encontra o conforto no cora\u00e7\u00e3o da Ilha do Pico.","publisher":{"@id":"https:\/\/aldeiadasadegas.com\/#organization"},"potentialAction":[{"@type":"SearchAction","target":{"@type":"EntryPoint","urlTemplate":"https:\/\/aldeiadasadegas.com\/?s={search_term_string}"},"query-input":{"@type":"PropertyValueSpecification","valueRequired":true,"valueName":"search_term_string"}}],"inLanguage":"pt-PT"},{"@type":"Organization","@id":"https:\/\/aldeiadasadegas.com\/#organization","name":"Aldeia das Adegas","url":"https:\/\/aldeiadasadegas.com\/","logo":{"@type":"ImageObject","inLanguage":"pt-PT","@id":"https:\/\/aldeiadasadegas.com\/#\/schema\/logo\/image\/","url":"https:\/\/aldeiadasadegas.com\/wp-content\/uploads\/2025\/05\/logo-0.png","contentUrl":"https:\/\/aldeiadasadegas.com\/wp-content\/uploads\/2025\/05\/logo-0.png","width":600,"height":218,"caption":"Aldeia das Adegas"},"image":{"@id":"https:\/\/aldeiadasadegas.com\/#\/schema\/logo\/image\/"},"sameAs":["https:\/\/www.facebook.com\/profile.php?id=100063509772931","https:\/\/www.instagram.com\/aldeia_das_adegas\/"]}]}},"_links":{"self":[{"href":"https:\/\/aldeiadasadegas.com\/pt\/wp-json\/wp\/v2\/pages\/148","targetHints":{"allow":["GET"]}}],"collection":[{"href":"https:\/\/aldeiadasadegas.com\/pt\/wp-json\/wp\/v2\/pages"}],"about":[{"href":"https:\/\/aldeiadasadegas.com\/pt\/wp-json\/wp\/v2\/types\/page"}],"author":[{"embeddable":true,"href":"https:\/\/aldeiadasadegas.com\/pt\/wp-json\/wp\/v2\/users\/1"}],"replies":[{"embeddable":true,"href":"https:\/\/aldeiadasadegas.com\/pt\/wp-json\/wp\/v2\/comments?post=148"}],"version-history":[{"count":0,"href":"https:\/\/aldeiadasadegas.com\/pt\/wp-json\/wp\/v2\/pages\/148\/revisions"}],"wp:attachment":[{"href":"https:\/\/aldeiadasadegas.com\/pt\/wp-json\/wp\/v2\/media?parent=148"}],"curies":[{"name":"wp","href":"https:\/\/api.w.org\/{rel}","templated":true}]}}