{"id":155,"date":"2025-05-04T10:38:09","date_gmt":"2025-05-04T10:38:09","guid":{"rendered":"https:\/\/aldeiadasadegas.com\/testimonials\/"},"modified":"2025-05-19T14:56:50","modified_gmt":"2025-05-19T14:56:50","slug":"testimonials-2-2","status":"publish","type":"page","link":"https:\/\/aldeiadasadegas.com\/pt\/testimonials-2-2\/","title":{"rendered":"Testemunhos"},"content":{"rendered":"<div class=\"wpb-content-wrapper\"><div class=\"vc_row wpb_row vc_row-fluid\"><div class=\"wpb_column vc_column_container vc_col-sm-12\"><div class=\"vc_column-inner\"><div class=\"wpb_wrapper\">\t\n\t\t<!-- BEGIN .sohohotel-testimonial-wrapper -->\n\t\t<div class=\"sohohotel-testimonial-wrapper sohohotel-testimonial-wrapper-light\">\n\t\t\t\n\t\t<!-- BEGIN .sohohotel-testimonial-list- -->\n\t\t<div class=\"sohohotel-testimonial-list sohohotel-testimonial-listing-page\">\n\t\t\t\n\t\t\t\n\t\t\t\t\t\t\n\t\t\t<!-- BEGIN .sohohotel-testimonial-block -->\n\t\t\t<div class=\"sohohotel-testimonial-block\">\n\t\t\t\t\n\t\t\t\t<div>\n\t\t\t\t\t<span class=\"sohohotel-open-quote\">\u201c<\/span>\n\t\t\t\t\t<p>Sed sollicitudin, sem id imperdiet sempre, enim ante tempor sapien, a comodo nisl dolor at elit. Aliquam suscipit egestas velit at elementum. Nulla sit amet ligula em dolor rhoncus rhoncus. En\u00e9ias molestia \u00e9 torturadora. Mauris dictum magna sit amet velit ornare.<br \/>\n <a href=\"https:\/\/aldeiadasadegas.com\/pt\/testimonials\/testimonial-1\/#more-163\" class=\"more-link\"><span aria-label=\"Continue a ler Testimonial #1\">(mais&hellip;)<\/span><\/a><\/p>\n\t\t\t\t\t<span class=\"sohohotel-close-quote\">&quot;<\/span>\n\t\t\t\t<\/div>\n\n\t\t\t\t\n\t\t\t\t\t<div class=\"sohohotel-testimonial-image\">\n\t\t\t\t\t\t\t\t\t\t\t\t<img decoding=\"async\" src=\"https:\/\/aldeiadasadegas.com\/wp-content\/uploads\/2025\/05\/23.jpg\" alt=\"\" \/>\t\t\t\t\t<\/div>\n\n\t\t\t\t\n\t\t\t\t<div class=\"sohohotel-testimonial-author\"><p>Maria Clarke - <span>Quarto Standard<\/span><\/p><\/div>\n\t\t\t\t\n\t\t\t<!-- END .sohohotel-testimonial-block -->\n\t\t\t<\/div>\n\t\t\t\n\t\t\t\n\t\t\t\t\t\t\n\t\t\t<!-- BEGIN .sohohotel-testimonial-block -->\n\t\t\t<div class=\"sohohotel-testimonial-block\">\n\t\t\t\t\n\t\t\t\t<div>\n\t\t\t\t\t<span class=\"sohohotel-open-quote\">\u201c<\/span>\n\t\t\t\t\t<p>Sed sollicitudin, sem id imperdiet sempre, enim ante tempor sapien, a comodo nisl dolor at elit. Aliquam suscipit egestas velit at elementum. Nulla sit amet ligula em dolor rhoncus rhoncus. En\u00e9ias molestia \u00e9 torturadora. Mauris dictum magna sit amet velit ornare.<br \/>\n <a href=\"https:\/\/aldeiadasadegas.com\/pt\/testimonials\/testimonial-2\/#more-164\" class=\"more-link\"><span aria-label=\"Continue a ler Testimonial #2\">(mais&hellip;)<\/span><\/a><\/p>\n\t\t\t\t\t<span class=\"sohohotel-close-quote\">&quot;<\/span>\n\t\t\t\t<\/div>\n\n\t\t\t\t\n\t\t\t\t\t<div class=\"sohohotel-testimonial-image\">\n\t\t\t\t\t\t\t\t\t\t\t\t<img decoding=\"async\" src=\"https:\/\/aldeiadasadegas.com\/wp-content\/uploads\/2025\/05\/24.jpg\" alt=\"\" \/>\t\t\t\t\t<\/div>\n\n\t\t\t\t\n\t\t\t\t<div class=\"sohohotel-testimonial-author\"><p>Dave Jones - <span>Quarto King<\/span><\/p><\/div>\n\t\t\t\t\n\t\t\t<!-- END .sohohotel-testimonial-block -->\n\t\t\t<\/div>\n\t\t\t\n\t\t\t\n\t\t\t\t\t\t\n\t\t\t<!-- BEGIN .sohohotel-testimonial-block -->\n\t\t\t<div class=\"sohohotel-testimonial-block\">\n\t\t\t\t\n\t\t\t\t<div>\n\t\t\t\t\t<span class=\"sohohotel-open-quote\">\u201c<\/span>\n\t\t\t\t\t<p>Sed sollicitudin, sem id imperdiet sempre, enim ante tempor sapien, a comodo nisl dolor at elit. Aliquam suscipit egestas velit at elementum. Nulla sit amet ligula em dolor rhoncus rhoncus. En\u00e9ias molestia \u00e9 torturadora. Mauris dictum magna sit amet velit ornare.<br \/>\n <a href=\"https:\/\/aldeiadasadegas.com\/pt\/testimonials\/testimonial-3\/#more-165\" class=\"more-link\"><span aria-label=\"Continue a ler Testimonial #3\">(mais&hellip;)<\/span><\/a><\/p>\n\t\t\t\t\t<span class=\"sohohotel-close-quote\">&quot;<\/span>\n\t\t\t\t<\/div>\n\n\t\t\t\t\n\t\t\t\t\t<div class=\"sohohotel-testimonial-image\">\n\t\t\t\t\t\t\t\t\t\t\t\t<img decoding=\"async\" src=\"https:\/\/aldeiadasadegas.com\/wp-content\/uploads\/2025\/05\/25.jpg\" alt=\"\" \/>\t\t\t\t\t<\/div>\n\n\t\t\t\t\n\t\t\t\t<div class=\"sohohotel-testimonial-author\"><p>Gary Oldham - <span>Quarto com banheiro privativo<\/span><\/p><\/div>\n\t\t\t\t\n\t\t\t<!-- END .sohohotel-testimonial-block -->\n\t\t\t<\/div>\n\t\t\t\n\t\t\t\t\n\t\t<!-- END .sohohotel-testimonial-list- -->\n\t\t<\/div>\n\t\t\n\t\t<!-- END .sohohotel-testimonial-wrapper -->\n\t\t<\/div>\n\t\t\n\t\t\n\t\t\t<div class=\"sohohotel-pagination\"><span aria-label=\"P\u00e1gina 1\" aria-current=\"page\" class=\"page-numbers current\" data-no-translation-aria-label=\"\">1<\/span>\n<a aria-label=\"P\u00e1gina 2\" class=\"page-numbers\" href=\"https:\/\/aldeiadasadegas.com\/pt\/wp-json\/wp\/v2\/pages\/155\/page\/2\/\" data-no-translation-aria-label=\"\">2<\/a>\n<a class=\"next page-numbers\" href=\"https:\/\/aldeiadasadegas.com\/pt\/wp-json\/wp\/v2\/pages\/155\/page\/2\/\">&raquo;<\/a><\/div>\n\t\t<div class=\"vc_empty_space\"   style=\"height: 30px\"><span class=\"vc_empty_space_inner\"><\/span><\/div><\/div><\/div><\/div><\/div>\n<\/div>","protected":false},"excerpt":{"rendered":"Sed sollicitudin, sem id imperdiet semper, enim ante tempor sapien, a commodo nisl dolor at elit. Aliquam suscipit egestas velit at elementum. Nulla sit amet ligula at dolor rhoncus rhoncus. Aenean molestie est tortor. Mauris dictum magna sit amet velit ornare. Lorem ipsum dolor sit amet, consectetur adipiscing elit. Pellentesque risus tortor, ultricies vitae venenatis<a href=\"https:\/\/aldeiadasadegas.com\/pt\/testimonials\/testimonial-3\/\" class=\"sohohotel-more-link\">Read More<\/a>","protected":false},"author":1,"featured_media":0,"parent":0,"menu_order":0,"comment_status":"closed","ping_status":"closed","template":"","meta":{"footnotes":""},"class_list":["post-155","page","type-page","status-publish","hentry"],"yoast_head":"<!-- This site is optimized with the Yoast SEO plugin v27.4 - https:\/\/yoast.com\/product\/yoast-seo-wordpress\/ -->\n<title>Testimonials - Aldeia das Adegas<\/title>\n<meta name=\"robots\" content=\"index, follow, max-snippet:-1, max-image-preview:large, max-video-preview:-1\" \/>\n<link rel=\"canonical\" href=\"https:\/\/aldeiadasadegas.com\/pt\/testimonials-2-2\/\" \/>\n<meta property=\"og:locale\" content=\"pt_PT\" \/>\n<meta property=\"og:type\" content=\"article\" \/>\n<meta property=\"og:title\" content=\"Testimonials - Aldeia das Adegas\" \/>\n<meta property=\"og:url\" content=\"https:\/\/aldeiadasadegas.com\/pt\/testimonials-2-2\/\" \/>\n<meta property=\"og:site_name\" content=\"Aldeia das Adegas\" \/>\n<meta property=\"article:publisher\" content=\"https:\/\/www.facebook.com\/profile.php?id=100063509772931\" \/>\n<meta property=\"article:modified_time\" content=\"2025-05-19T14:56:50+00:00\" \/>\n<meta name=\"twitter:card\" content=\"summary_large_image\" \/>\n<script type=\"application\/ld+json\" class=\"yoast-schema-graph\">{\"@context\":\"https:\\\/\\\/schema.org\",\"@graph\":[{\"@type\":\"WebPage\",\"@id\":\"https:\\\/\\\/aldeiadasadegas.com\\\/testimonials-2-2\\\/\",\"url\":\"https:\\\/\\\/aldeiadasadegas.com\\\/testimonials-2-2\\\/\",\"name\":\"Testimonials - Aldeia das Adegas\",\"isPartOf\":{\"@id\":\"https:\\\/\\\/aldeiadasadegas.com\\\/#website\"},\"datePublished\":\"2025-05-04T10:38:09+00:00\",\"dateModified\":\"2025-05-19T14:56:50+00:00\",\"breadcrumb\":{\"@id\":\"https:\\\/\\\/aldeiadasadegas.com\\\/testimonials-2-2\\\/#breadcrumb\"},\"inLanguage\":\"pt-PT\",\"potentialAction\":[{\"@type\":\"ReadAction\",\"target\":[\"https:\\\/\\\/aldeiadasadegas.com\\\/testimonials-2-2\\\/\"]}]},{\"@type\":\"BreadcrumbList\",\"@id\":\"https:\\\/\\\/aldeiadasadegas.com\\\/testimonials-2-2\\\/#breadcrumb\",\"itemListElement\":[{\"@type\":\"ListItem\",\"position\":1,\"name\":\"Home\",\"item\":\"https:\\\/\\\/aldeiadasadegas.com\\\/\"},{\"@type\":\"ListItem\",\"position\":2,\"name\":\"Testimonials\"}]},{\"@type\":\"WebSite\",\"@id\":\"https:\\\/\\\/aldeiadasadegas.com\\\/#website\",\"url\":\"https:\\\/\\\/aldeiadasadegas.com\\\/\",\"name\":\"Aldeia das Adegas\",\"description\":\"We\u2019re delighted to have you here and invite you to discover the charm of Aldeia das Adegas, where tradition meets comfort in the heart of Pico Island.\",\"publisher\":{\"@id\":\"https:\\\/\\\/aldeiadasadegas.com\\\/#organization\"},\"potentialAction\":[{\"@type\":\"SearchAction\",\"target\":{\"@type\":\"EntryPoint\",\"urlTemplate\":\"https:\\\/\\\/aldeiadasadegas.com\\\/?s={search_term_string}\"},\"query-input\":{\"@type\":\"PropertyValueSpecification\",\"valueRequired\":true,\"valueName\":\"search_term_string\"}}],\"inLanguage\":\"pt-PT\"},{\"@type\":\"Organization\",\"@id\":\"https:\\\/\\\/aldeiadasadegas.com\\\/#organization\",\"name\":\"Aldeia das Adegas\",\"url\":\"https:\\\/\\\/aldeiadasadegas.com\\\/\",\"logo\":{\"@type\":\"ImageObject\",\"inLanguage\":\"pt-PT\",\"@id\":\"https:\\\/\\\/aldeiadasadegas.com\\\/#\\\/schema\\\/logo\\\/image\\\/\",\"url\":\"https:\\\/\\\/aldeiadasadegas.com\\\/wp-content\\\/uploads\\\/2025\\\/05\\\/logo-0.png\",\"contentUrl\":\"https:\\\/\\\/aldeiadasadegas.com\\\/wp-content\\\/uploads\\\/2025\\\/05\\\/logo-0.png\",\"width\":600,\"height\":218,\"caption\":\"Aldeia das Adegas\"},\"image\":{\"@id\":\"https:\\\/\\\/aldeiadasadegas.com\\\/#\\\/schema\\\/logo\\\/image\\\/\"},\"sameAs\":[\"https:\\\/\\\/www.facebook.com\\\/profile.php?id=100063509772931\",\"https:\\\/\\\/www.instagram.com\\\/aldeia_das_adegas\\\/\"]}]}<\/script>\n<!-- \/ Yoast SEO plugin. -->","yoast_head_json":{"title":"Testimonials - Aldeia das Adegas","robots":{"index":"index","follow":"follow","max-snippet":"max-snippet:-1","max-image-preview":"max-image-preview:large","max-video-preview":"max-video-preview:-1"},"canonical":"https:\/\/aldeiadasadegas.com\/pt\/testimonials-2-2\/","og_locale":"pt_PT","og_type":"article","og_title":"Testimonials - Aldeia das Adegas","og_url":"https:\/\/aldeiadasadegas.com\/pt\/testimonials-2-2\/","og_site_name":"Aldeia das Adegas","article_publisher":"https:\/\/www.facebook.com\/profile.php?id=100063509772931","article_modified_time":"2025-05-19T14:56:50+00:00","twitter_card":"summary_large_image","schema":{"@context":"https:\/\/schema.org","@graph":[{"@type":"WebPage","@id":"https:\/\/aldeiadasadegas.com\/testimonials-2-2\/","url":"https:\/\/aldeiadasadegas.com\/testimonials-2-2\/","name":"Testimonials - Aldeia das Adegas","isPartOf":{"@id":"https:\/\/aldeiadasadegas.com\/#website"},"datePublished":"2025-05-04T10:38:09+00:00","dateModified":"2025-05-19T14:56:50+00:00","breadcrumb":{"@id":"https:\/\/aldeiadasadegas.com\/testimonials-2-2\/#breadcrumb"},"inLanguage":"pt-PT","potentialAction":[{"@type":"ReadAction","target":["https:\/\/aldeiadasadegas.com\/testimonials-2-2\/"]}]},{"@type":"BreadcrumbList","@id":"https:\/\/aldeiadasadegas.com\/testimonials-2-2\/#breadcrumb","itemListElement":[{"@type":"ListItem","position":1,"name":"Home","item":"https:\/\/aldeiadasadegas.com\/"},{"@type":"ListItem","position":2,"name":"Testimonials"}]},{"@type":"WebSite","@id":"https:\/\/aldeiadasadegas.com\/#website","url":"https:\/\/aldeiadasadegas.com\/","name":"Aldeia das Adegas","description":"Temos o prazer de receb\u00ea-lo(a) aqui e convidamo-lo(a) a descobrir o charme da Aldeia das Adegas, onde a tradi\u00e7\u00e3o encontra o conforto no cora\u00e7\u00e3o da Ilha do Pico.","publisher":{"@id":"https:\/\/aldeiadasadegas.com\/#organization"},"potentialAction":[{"@type":"SearchAction","target":{"@type":"EntryPoint","urlTemplate":"https:\/\/aldeiadasadegas.com\/?s={search_term_string}"},"query-input":{"@type":"PropertyValueSpecification","valueRequired":true,"valueName":"search_term_string"}}],"inLanguage":"pt-PT"},{"@type":"Organization","@id":"https:\/\/aldeiadasadegas.com\/#organization","name":"Aldeia das Adegas","url":"https:\/\/aldeiadasadegas.com\/","logo":{"@type":"ImageObject","inLanguage":"pt-PT","@id":"https:\/\/aldeiadasadegas.com\/#\/schema\/logo\/image\/","url":"https:\/\/aldeiadasadegas.com\/wp-content\/uploads\/2025\/05\/logo-0.png","contentUrl":"https:\/\/aldeiadasadegas.com\/wp-content\/uploads\/2025\/05\/logo-0.png","width":600,"height":218,"caption":"Aldeia das Adegas"},"image":{"@id":"https:\/\/aldeiadasadegas.com\/#\/schema\/logo\/image\/"},"sameAs":["https:\/\/www.facebook.com\/profile.php?id=100063509772931","https:\/\/www.instagram.com\/aldeia_das_adegas\/"]}]}},"_links":{"self":[{"href":"https:\/\/aldeiadasadegas.com\/pt\/wp-json\/wp\/v2\/pages\/155","targetHints":{"allow":["GET"]}}],"collection":[{"href":"https:\/\/aldeiadasadegas.com\/pt\/wp-json\/wp\/v2\/pages"}],"about":[{"href":"https:\/\/aldeiadasadegas.com\/pt\/wp-json\/wp\/v2\/types\/page"}],"author":[{"embeddable":true,"href":"https:\/\/aldeiadasadegas.com\/pt\/wp-json\/wp\/v2\/users\/1"}],"replies":[{"embeddable":true,"href":"https:\/\/aldeiadasadegas.com\/pt\/wp-json\/wp\/v2\/comments?post=155"}],"version-history":[{"count":1,"href":"https:\/\/aldeiadasadegas.com\/pt\/wp-json\/wp\/v2\/pages\/155\/revisions"}],"predecessor-version":[{"id":520,"href":"https:\/\/aldeiadasadegas.com\/pt\/wp-json\/wp\/v2\/pages\/155\/revisions\/520"}],"wp:attachment":[{"href":"https:\/\/aldeiadasadegas.com\/pt\/wp-json\/wp\/v2\/media?parent=155"}],"curies":[{"name":"wp","href":"https:\/\/api.w.org\/{rel}","templated":true}]}}